{"id":1671,"date":"2024-09-16T18:22:37","date_gmt":"2024-09-16T18:22:37","guid":{"rendered":"https:\/\/cenithteran.com\/en\/?page_id=1671"},"modified":"2025-07-12T15:31:38","modified_gmt":"2025-07-12T13:31:38","slug":"contact","status":"publish","type":"page","link":"https:\/\/cenithteran.com\/en\/contact\/","title":{"rendered":"Contact &#8211; Peluquer\u00eda en Madrid"},"content":{"rendered":"\t\t<div data-elementor-type=\"wp-page\" data-elementor-id=\"1671\" class=\"elementor elementor-1671\">\n\t\t\t\t<div class=\"elementor-element elementor-element-d16496e e-flex e-con-boxed e-con e-parent\" data-id=\"d16496e\" data-element_type=\"container\">\n\t\t\t\t\t<div class=\"e-con-inner\">\n\t\t\t\t<div class=\"elementor-element elementor-element-afb5aeb elementor-widget elementor-widget-image\" data-id=\"afb5aeb\" data-element_type=\"widget\" data-widget_type=\"image.default\">\n\t\t\t\t<div class=\"elementor-widget-container\">\n\t\t\t\t\t\t\t\t\t\t\t\t\t<img fetchpriority=\"high\" decoding=\"async\" width=\"1563\" height=\"382\" src=\"https:\/\/cenithteran.com\/en\/wp-content\/uploads\/2024\/09\/contact-hero.jpg\" class=\"attachment-full size-full wp-image-14131\" alt=\"Mejor Peluquer\u00eda en el Madrid\" srcset=\"https:\/\/cenithteran.com\/en\/wp-content\/uploads\/2024\/09\/contact-hero.jpg 1563w, https:\/\/cenithteran.com\/en\/wp-content\/uploads\/2024\/09\/contact-hero-300x73.jpg 300w, https:\/\/cenithteran.com\/en\/wp-content\/uploads\/2024\/09\/contact-hero-1024x250.jpg 1024w, https:\/\/cenithteran.com\/en\/wp-content\/uploads\/2024\/09\/contact-hero-768x188.jpg 768w, https:\/\/cenithteran.com\/en\/wp-content\/uploads\/2024\/09\/contact-hero-1536x375.jpg 1536w\" sizes=\"(max-width: 1563px) 100vw, 1563px\" \/>\t\t\t\t\t\t\t\t\t\t\t\t\t<\/div>\n\t\t\t\t<\/div>\n\t\t\t\t<div class=\"elementor-element elementor-element-e211721 elementor-widget elementor-widget-spacer\" data-id=\"e211721\" data-element_type=\"widget\" data-widget_type=\"spacer.default\">\n\t\t\t\t<div class=\"elementor-widget-container\">\n\t\t\t\t\t<div class=\"elementor-spacer\">\n\t\t\t<div class=\"elementor-spacer-inner\"><\/div>\n\t\t<\/div>\n\t\t\t\t<\/div>\n\t\t\t\t<\/div>\n\t\t\t\t\t<\/div>\n\t\t\t\t<\/div>\n\t\t\t\t<section class=\"elementor-section elementor-top-section elementor-element elementor-element-d3583a6 elementor-reverse-tablet elementor-reverse-mobile elementor-section-boxed elementor-section-height-default elementor-section-height-default\" data-id=\"d3583a6\" data-element_type=\"section\">\n\t\t\t\t\t\t<div class=\"elementor-container elementor-column-gap-default\">\n\t\t\t\t\t<div class=\"elementor-column elementor-col-50 elementor-top-column elementor-element elementor-element-fea2f80\" data-id=\"fea2f80\" data-element_type=\"column\">\n\t\t\t<div class=\"elementor-widget-wrap elementor-element-populated\">\n\t\t\t\t\t\t<div class=\"elementor-element elementor-element-f5061b2 elementor-widget elementor-widget-google_maps\" data-id=\"f5061b2\" data-element_type=\"widget\" data-widget_type=\"google_maps.default\">\n\t\t\t\t<div class=\"elementor-widget-container\">\n\t\t\t\t\t<div class=\"elementor-custom-embed\">\n\t\t\t<iframe loading=\"lazy\"\n\t\t\t\t\tsrc=\"https:\/\/maps.google.com\/maps?q=Calle%20de%20los%20Ca%C3%B1izares%2C%203%2C%2028012%20Madrid&#038;t=m&#038;z=15&#038;output=embed&#038;iwloc=near\"\n\t\t\t\t\ttitle=\"Calle de los Ca\u00f1izares, 3, 28012 Madrid\"\n\t\t\t\t\taria-label=\"Calle de los Ca\u00f1izares, 3, 28012 Madrid\"\n\t\t\t><\/iframe>\n\t\t<\/div>\n\t\t\t\t<\/div>\n\t\t\t\t<\/div>\n\t\t\t\t\t<\/div>\n\t\t<\/div>\n\t\t\t\t<div class=\"elementor-column elementor-col-50 elementor-top-column elementor-element elementor-element-f7cd0a9\" data-id=\"f7cd0a9\" data-element_type=\"column\">\n\t\t\t<div class=\"elementor-widget-wrap elementor-element-populated\">\n\t\t\t\t\t\t<div class=\"elementor-element elementor-element-6e5fc37 elementor-widget elementor-widget-yolo_title\" data-id=\"6e5fc37\" data-element_type=\"widget\" data-widget_type=\"yolo_title.default\">\n\t\t\t\t<div class=\"elementor-widget-container\">\n\t\t\t        <div class=\"yolo-modern-heading\">\n            \n            \n                    <div class=\"heading-primary-wrap\">\n            <h2 class=\"heading-primary elementor-heading-title\">Contact & Hours<\/h2>        <\/div>\n        \n                    <\/div>\n        \t\t<\/div>\n\t\t\t\t<\/div>\n\t\t\t\t<div class=\"elementor-element elementor-element-466864c elementor-icon-list--layout-traditional elementor-list-item-link-full_width elementor-widget elementor-widget-icon-list\" data-id=\"466864c\" data-element_type=\"widget\" data-widget_type=\"icon-list.default\">\n\t\t\t\t<div class=\"elementor-widget-container\">\n\t\t\t\t\t<ul class=\"elementor-icon-list-items\">\n\t\t\t\t\t\t\t<li class=\"elementor-icon-list-item\">\n\t\t\t\t\t\t\t\t\t\t\t<span class=\"elementor-icon-list-icon\">\n\t\t\t\t\t\t\t<i aria-hidden=\"true\" class=\"fal fa-home-alt\"><\/i>\t\t\t\t\t\t<\/span>\n\t\t\t\t\t\t\t\t\t\t<span class=\"elementor-icon-list-text\">Calle de los Ca\u00f1izares, 3, 28012 Madrid<\/span>\n\t\t\t\t\t\t\t\t\t<\/li>\n\t\t\t\t\t\t\t\t<li class=\"elementor-icon-list-item\">\n\t\t\t\t\t\t\t\t\t\t\t<span class=\"elementor-icon-list-icon\">\n\t\t\t\t\t\t\t<i aria-hidden=\"true\" class=\"fal fa-phone-volume\"><\/i>\t\t\t\t\t\t<\/span>\n\t\t\t\t\t\t\t\t\t\t<span class=\"elementor-icon-list-text\"> 910 14 14 34 <\/span>\n\t\t\t\t\t\t\t\t\t<\/li>\n\t\t\t\t\t\t\t\t<li class=\"elementor-icon-list-item\">\n\t\t\t\t\t\t\t\t\t\t\t<span class=\"elementor-icon-list-icon\">\n\t\t\t\t\t\t\t<i aria-hidden=\"true\" class=\"fal fa-clock\"><\/i>\t\t\t\t\t\t<\/span>\n\t\t\t\t\t\t\t\t\t\t<span class=\"elementor-icon-list-text\">Monday \u2013 Friday : 10:00 - 21:00<\/span>\n\t\t\t\t\t\t\t\t\t<\/li>\n\t\t\t\t\t\t\t\t<li class=\"elementor-icon-list-item\">\n\t\t\t\t\t\t\t\t\t\t\t<span class=\"elementor-icon-list-icon\">\n\t\t\t\t\t\t\t<i aria-hidden=\"true\" class=\"fal fa-clock\"><\/i>\t\t\t\t\t\t<\/span>\n\t\t\t\t\t\t\t\t\t\t<span class=\"elementor-icon-list-text\">Saturday : 10:00 - 19:00<\/span>\n\t\t\t\t\t\t\t\t\t<\/li>\n\t\t\t\t\t\t<\/ul>\n\t\t\t\t<\/div>\n\t\t\t\t<\/div>\n\t\t\t\t\t<\/div>\n\t\t<\/div>\n\t\t\t\t\t<\/div>\n\t\t<\/section>\n\t\t\t\t<section class=\"elementor-section elementor-top-section elementor-element elementor-element-27676b9 elementor-section-boxed elementor-section-height-default elementor-section-height-default\" data-id=\"27676b9\" data-element_type=\"section\">\n\t\t\t\t\t\t<div class=\"elementor-container elementor-column-gap-default\">\n\t\t\t\t\t<div class=\"elementor-column elementor-col-100 elementor-top-column elementor-element elementor-element-f5c9660\" data-id=\"f5c9660\" data-element_type=\"column\">\n\t\t\t<div class=\"elementor-widget-wrap elementor-element-populated\">\n\t\t\t\t\t\t<div class=\"elementor-element elementor-element-2b09301 elementor-align-center elementor-widget elementor-widget-button\" data-id=\"2b09301\" data-element_type=\"widget\" data-widget_type=\"button.default\">\n\t\t\t\t<div class=\"elementor-widget-container\">\n\t\t\t\t\t\t\t<div class=\"elementor-button-wrapper\">\n\t\t\t\t\t<a class=\"elementor-button elementor-button-link elementor-size-sm\" href=\"https:\/\/cenithteran.com\/en\/reserva-una-cita.html\">\n\t\t\t\t\t\t<span class=\"elementor-button-content-wrapper\">\n\t\t\t\t\t\t\t\t\t<span class=\"elementor-button-text\">Reserva una cita<\/span>\n\t\t\t\t\t<\/span>\n\t\t\t\t\t<\/a>\n\t\t\t\t<\/div>\n\t\t\t\t\t\t<\/div>\n\t\t\t\t<\/div>\n\t\t\t\t\t<\/div>\n\t\t<\/div>\n\t\t\t\t\t<\/div>\n\t\t<\/section>\n\t\t\t\t<section class=\"elementor-section elementor-top-section elementor-element elementor-element-c2cd239 elementor-section-boxed elementor-section-height-default elementor-section-height-default\" data-id=\"c2cd239\" data-element_type=\"section\">\n\t\t\t\t\t\t<div class=\"elementor-container elementor-column-gap-default\">\n\t\t\t\t\t<div class=\"elementor-column elementor-col-100 elementor-top-column elementor-element elementor-element-8213593\" data-id=\"8213593\" data-element_type=\"column\">\n\t\t\t<div class=\"elementor-widget-wrap elementor-element-populated\">\n\t\t\t\t\t\t<div class=\"elementor-element elementor-element-ec4857d elementor-widget elementor-widget-spacer\" data-id=\"ec4857d\" data-element_type=\"widget\" data-widget_type=\"spacer.default\">\n\t\t\t\t<div class=\"elementor-widget-container\">\n\t\t\t\t\t<div class=\"elementor-spacer\">\n\t\t\t<div class=\"elementor-spacer-inner\"><\/div>\n\t\t<\/div>\n\t\t\t\t<\/div>\n\t\t\t\t<\/div>\n\t\t\t\t<div class=\"elementor-element elementor-element-f15a246 elementor-widget elementor-widget-heading\" data-id=\"f15a246\" data-element_type=\"widget\" data-widget_type=\"heading.default\">\n\t\t\t\t<div class=\"elementor-widget-container\">\n\t\t\t<h1 class=\"elementor-heading-title elementor-size-default\">Barbershop in Madrid that you can trust<\/h1>\t\t<\/div>\n\t\t\t\t<\/div>\n\t\t\t\t<div class=\"elementor-element elementor-element-2f2b85c elementor-widget elementor-widget-text-editor\" data-id=\"2f2b85c\" data-element_type=\"widget\" data-widget_type=\"text-editor.default\">\n\t\t\t\t<div class=\"elementor-widget-container\">\n\t\t\t\t\t\t\t<h3>Hairdresser in Madrid<\/h3><p>Hairdresser in Madrid Cenith Ter\u00e1n, we are dedicated to providing exceptional hair care services in a welcoming and professional environment. Whether you&#8217;re looking for a new haircut, color treatment, or hair extensions, our expert stylists are here to make your vision a reality. We specialize in offering personalized services for each hair type, ensuring that each client receives a unique treatment tailored to their needs. In addition, we offer specialized advice on how to keep your look impeccable for longer, from daily care techniques to product recommendations that best suit your hair type. If you want a change of style, or simply a touch-up, here we will help you achieve it.<\/p><p>Please feel free to contact us today if you have any questions, booking queries or concerns about our services. Our team is always available to answer all your concerns, whether by phone, email or in person. We will make sure you feel at home with us in one of the best barbershops in Madrid.<\/p><p>Don&#8217;t miss the opportunity to visit a place where your satisfaction is our priority. Contact us by phone or book your appointment online, it&#8217;s quick and easy! We hope to see you soon and help you achieve the style you&#8217;ve always wanted.<\/p><p>\u00a0<\/p>\t\t\t\t\t\t<\/div>\n\t\t\t\t<\/div>\n\t\t\t\t<div class=\"elementor-element elementor-element-641436b elementor-align-center elementor-widget elementor-widget-button\" data-id=\"641436b\" data-element_type=\"widget\" data-widget_type=\"button.default\">\n\t\t\t\t<div class=\"elementor-widget-container\">\n\t\t\t\t\t\t\t<div class=\"elementor-button-wrapper\">\n\t\t\t\t\t<a class=\"elementor-button elementor-button-link elementor-size-sm\" href=\"https:\/\/cenithteran.com\/en\/reserva-una-cita.html\">\n\t\t\t\t\t\t<span class=\"elementor-button-content-wrapper\">\n\t\t\t\t\t\t\t\t\t<span class=\"elementor-button-text\">Book an Appointment<\/span>\n\t\t\t\t\t<\/span>\n\t\t\t\t\t<\/a>\n\t\t\t\t<\/div>\n\t\t\t\t\t\t<\/div>\n\t\t\t\t<\/div>\n\t\t\t\t\t<\/div>\n\t\t<\/div>\n\t\t\t\t\t<\/div>\n\t\t<\/section>\n\t\t\t\t<section class=\"elementor-section elementor-top-section elementor-element elementor-element-6257bb4 elementor-section-boxed elementor-section-height-default elementor-section-height-default\" data-id=\"6257bb4\" data-element_type=\"section\">\n\t\t\t\t\t\t<div class=\"elementor-container elementor-column-gap-default\">\n\t\t\t\t\t<div class=\"elementor-column elementor-col-100 elementor-top-column elementor-element elementor-element-dc8f78a\" data-id=\"dc8f78a\" data-element_type=\"column\">\n\t\t\t<div class=\"elementor-widget-wrap elementor-element-populated\">\n\t\t\t\t\t\t<div class=\"elementor-element elementor-element-540dfbd elementor-shape-circle elementor-grid-mobile-0 elementor-grid-0 e-grid-align-center elementor-widget elementor-widget-social-icons\" data-id=\"540dfbd\" data-element_type=\"widget\" data-widget_type=\"social-icons.default\">\n\t\t\t\t<div class=\"elementor-widget-container\">\n\t\t\t\t\t<div class=\"elementor-social-icons-wrapper elementor-grid\">\n\t\t\t\t\t\t\t<span class=\"elementor-grid-item\">\n\t\t\t\t\t<a class=\"elementor-icon elementor-social-icon elementor-social-icon-facebook elementor-repeater-item-d8861c0\" href=\"https:\/\/www.facebook.com\/cenithpeluqueria\/\" target=\"_blank\">\n\t\t\t\t\t\t<span class=\"elementor-screen-only\">Facebook<\/span>\n\t\t\t\t\t\t<svg class=\"e-font-icon-svg e-fab-facebook\" viewBox=\"0 0 512 512\" xmlns=\"http:\/\/www.w3.org\/2000\/svg\"><path d=\"M504 256C504 119 393 8 256 8S8 119 8 256c0 123.78 90.69 226.38 209.25 245V327.69h-63V256h63v-54.64c0-62.15 37-96.48 93.67-96.48 27.14 0 55.52 4.84 55.52 4.84v61h-31.28c-30.8 0-40.41 19.12-40.41 38.73V256h68.78l-11 71.69h-57.78V501C413.31 482.38 504 379.78 504 256z\"><\/path><\/svg>\t\t\t\t\t<\/a>\n\t\t\t\t<\/span>\n\t\t\t\t\t\t\t<span class=\"elementor-grid-item\">\n\t\t\t\t\t<a class=\"elementor-icon elementor-social-icon elementor-social-icon-instagram elementor-repeater-item-24b63ad\" href=\"https:\/\/www.instagram.com\/cenithteran\/\" target=\"_blank\">\n\t\t\t\t\t\t<span class=\"elementor-screen-only\">Instagram<\/span>\n\t\t\t\t\t\t<svg class=\"e-font-icon-svg e-fab-instagram\" viewBox=\"0 0 448 512\" xmlns=\"http:\/\/www.w3.org\/2000\/svg\"><path d=\"M224.1 141c-63.6 0-114.9 51.3-114.9 114.9s51.3 114.9 114.9 114.9S339 319.5 339 255.9 287.7 141 224.1 141zm0 189.6c-41.1 0-74.7-33.5-74.7-74.7s33.5-74.7 74.7-74.7 74.7 33.5 74.7 74.7-33.6 74.7-74.7 74.7zm146.4-194.3c0 14.9-12 26.8-26.8 26.8-14.9 0-26.8-12-26.8-26.8s12-26.8 26.8-26.8 26.8 12 26.8 26.8zm76.1 27.2c-1.7-35.9-9.9-67.7-36.2-93.9-26.2-26.2-58-34.4-93.9-36.2-37-2.1-147.9-2.1-184.9 0-35.8 1.7-67.6 9.9-93.9 36.1s-34.4 58-36.2 93.9c-2.1 37-2.1 147.9 0 184.9 1.7 35.9 9.9 67.7 36.2 93.9s58 34.4 93.9 36.2c37 2.1 147.9 2.1 184.9 0 35.9-1.7 67.7-9.9 93.9-36.2 26.2-26.2 34.4-58 36.2-93.9 2.1-37 2.1-147.8 0-184.8zM398.8 388c-7.8 19.6-22.9 34.7-42.6 42.6-29.5 11.7-99.5 9-132.1 9s-102.7 2.6-132.1-9c-19.6-7.8-34.7-22.9-42.6-42.6-11.7-29.5-9-99.5-9-132.1s-2.6-102.7 9-132.1c7.8-19.6 22.9-34.7 42.6-42.6 29.5-11.7 99.5-9 132.1-9s102.7-2.6 132.1 9c19.6 7.8 34.7 22.9 42.6 42.6 11.7 29.5 9 99.5 9 132.1s2.7 102.7-9 132.1z\"><\/path><\/svg>\t\t\t\t\t<\/a>\n\t\t\t\t<\/span>\n\t\t\t\t\t<\/div>\n\t\t\t\t<\/div>\n\t\t\t\t<\/div>\n\t\t\t\t\t<\/div>\n\t\t<\/div>\n\t\t\t\t\t<\/div>\n\t\t<\/section>\n\t\t\t\t<\/div>\n\t\t","protected":false},"excerpt":{"rendered":"<p>Contact &#038; Hours Calle de los Ca\u00f1izares, 3, 28012 Madrid 910 14 14 34 Monday \u2013 Friday : 10:00 &#8211; 21:00 Saturday : 10:00 &#8211; 19:00 Reserva una cita Barbershop in Madrid that you can trust Hairdresser in Madrid Hairdresser in Madrid Cenith Ter\u00e1n, we are dedicated to providing exceptional hair care services in a welcoming and professional environment. Whether you&#8217;re looking for a new haircut, color treatment, or hair extensions, our expert stylists are here to make your vision a reality. We specialize in offering personalized services for each hair type, ensuring that each client receives a unique treatment tailored to their needs. In addition, we offer specialized advice on how to keep your look impeccable for longer, from daily care techniques to product recommendations that best suit your hair type. If you want a change of style, or simply a touch-up, here we will help you achieve it. Please feel free to contact us today if you have any questions, booking queries or concerns about our services. Our team is always available to answer all your concerns, whether by phone, email or in person. We will make sure you feel at home with us in one of the best barbershops in Madrid. Don&#8217;t miss the opportunity to visit a place where your satisfaction is our priority. Contact us by phone or book your appointment online, it&#8217;s quick and easy! We hope to see you soon and help you achieve the style you&#8217;ve always wanted. \u00a0 Book an Appointment Facebook Instagram<\/p>\n","protected":false},"author":1,"featured_media":0,"parent":0,"menu_order":0,"comment_status":"closed","ping_status":"closed","template":"","meta":{"_monsterinsights_skip_tracking":false,"_monsterinsights_sitenote_active":false,"_monsterinsights_sitenote_note":"","_monsterinsights_sitenote_category":0,"_joinchat":[],"footnotes":""},"class_list":["post-1671","page","type-page","status-publish","hentry"],"yoast_head":"<!-- This site is optimized with the Yoast SEO plugin v23.9 - https:\/\/yoast.com\/wordpress\/plugins\/seo\/ -->\n<title>Peluquer\u00eda en Madrid - Contacto<\/title>\n<meta name=\"description\" content=\"Peluquer\u00eda en Madrid - Barber\u00eda en Madrid. Con\u00f3cenos un poco m\u00e1s y descubre todo lo que podemos hacer. \u00a1Te estamos esperando!\" \/>\n<meta name=\"robots\" content=\"index, follow, max-snippet:-1, max-image-preview:large, max-video-preview:-1\" \/>\n<link rel=\"canonical\" href=\"https:\/\/cenithteran.com\/en\/contact\/\" \/>\n<meta property=\"og:locale\" content=\"en_US\" \/>\n<meta property=\"og:type\" content=\"article\" \/>\n<meta property=\"og:title\" content=\"Peluquer\u00eda en Madrid - Contacto\" \/>\n<meta property=\"og:description\" content=\"Peluquer\u00eda en Madrid - Barber\u00eda en Madrid. Con\u00f3cenos un poco m\u00e1s y descubre todo lo que podemos hacer. \u00a1Te estamos esperando!\" \/>\n<meta property=\"og:url\" content=\"https:\/\/cenithteran.com\/en\/contact\/\" \/>\n<meta property=\"og:site_name\" content=\"Peluqueria UNISEX Cenith Teran - Peluquer\u00eda en el Madrid\" \/>\n<meta property=\"article:publisher\" content=\"https:\/\/www.facebook.com\/cenithpeluqueria\/\" \/>\n<meta property=\"article:modified_time\" content=\"2025-07-12T13:31:38+00:00\" \/>\n<meta property=\"og:image\" content=\"https:\/\/cenithteran.com\/en\/wp-content\/uploads\/2024\/09\/contact-hero.jpg\" \/>\n\t<meta property=\"og:image:width\" content=\"1563\" \/>\n\t<meta property=\"og:image:height\" content=\"382\" \/>\n\t<meta property=\"og:image:type\" content=\"image\/jpeg\" \/>\n<meta name=\"twitter:card\" content=\"summary_large_image\" \/>\n<meta name=\"twitter:label1\" content=\"Est. reading time\" \/>\n\t<meta name=\"twitter:data1\" content=\"2 minutes\" \/>\n<script type=\"application\/ld+json\" class=\"yoast-schema-graph\">{\"@context\":\"https:\/\/schema.org\",\"@graph\":[{\"@type\":\"WebPage\",\"@id\":\"https:\/\/cenithteran.com\/en\/contact\/\",\"url\":\"https:\/\/cenithteran.com\/en\/contact\/\",\"name\":\"Peluquer\u00eda en Madrid - Contacto\",\"isPartOf\":{\"@id\":\"https:\/\/cenithteran.com\/en\/#website\"},\"primaryImageOfPage\":{\"@id\":\"https:\/\/cenithteran.com\/en\/contact\/#primaryimage\"},\"image\":{\"@id\":\"https:\/\/cenithteran.com\/en\/contact\/#primaryimage\"},\"thumbnailUrl\":\"https:\/\/cenithteran.com\/en\/wp-content\/uploads\/2024\/09\/contact-hero.jpg\",\"datePublished\":\"2024-09-16T18:22:37+00:00\",\"dateModified\":\"2025-07-12T13:31:38+00:00\",\"description\":\"Peluquer\u00eda en Madrid - Barber\u00eda en Madrid. Con\u00f3cenos un poco m\u00e1s y descubre todo lo que podemos hacer. \u00a1Te estamos esperando!\",\"breadcrumb\":{\"@id\":\"https:\/\/cenithteran.com\/en\/contact\/#breadcrumb\"},\"inLanguage\":\"en-US\",\"potentialAction\":[{\"@type\":\"ReadAction\",\"target\":[\"https:\/\/cenithteran.com\/en\/contact\/\"]}]},{\"@type\":\"ImageObject\",\"inLanguage\":\"en-US\",\"@id\":\"https:\/\/cenithteran.com\/en\/contact\/#primaryimage\",\"url\":\"https:\/\/cenithteran.com\/en\/wp-content\/uploads\/2024\/09\/contact-hero.jpg\",\"contentUrl\":\"https:\/\/cenithteran.com\/en\/wp-content\/uploads\/2024\/09\/contact-hero.jpg\",\"width\":1563,\"height\":382,\"caption\":\"Mejor Peluquer\u00eda en el Madrid\"},{\"@type\":\"BreadcrumbList\",\"@id\":\"https:\/\/cenithteran.com\/en\/contact\/#breadcrumb\",\"itemListElement\":[{\"@type\":\"ListItem\",\"position\":1,\"name\":\"Home\",\"item\":\"https:\/\/cenithteran.com\/en\/\"},{\"@type\":\"ListItem\",\"position\":2,\"name\":\"Contact &#8211; Peluquer\u00eda en Madrid\"}]},{\"@type\":\"WebSite\",\"@id\":\"https:\/\/cenithteran.com\/en\/#website\",\"url\":\"https:\/\/cenithteran.com\/en\/\",\"name\":\"Peluqueria UNISEX Cenith Teran - Peluquer\u00eda en el Madrid\",\"description\":\"Sal\u00f3n de belleza especializado en cortes, peinados, y tratamientos capilares personalizados para realzar tu estilo \u00fanico.\",\"publisher\":{\"@id\":\"https:\/\/cenithteran.com\/en\/#organization\"},\"alternateName\":\"Peluqueria UNISEX Cenith Teran\",\"potentialAction\":[{\"@type\":\"SearchAction\",\"target\":{\"@type\":\"EntryPoint\",\"urlTemplate\":\"https:\/\/cenithteran.com\/en\/?s={search_term_string}\"},\"query-input\":{\"@type\":\"PropertyValueSpecification\",\"valueRequired\":true,\"valueName\":\"search_term_string\"}}],\"inLanguage\":\"en-US\"},{\"@type\":\"Organization\",\"@id\":\"https:\/\/cenithteran.com\/en\/#organization\",\"name\":\"Peluqueria UNISEX Cenith Teran - Peluquer\u00eda en el Madrid\",\"url\":\"https:\/\/cenithteran.com\/en\/\",\"logo\":{\"@type\":\"ImageObject\",\"inLanguage\":\"en-US\",\"@id\":\"https:\/\/cenithteran.com\/en\/#\/schema\/logo\/image\/\",\"url\":\"https:\/\/cenithteran.com\/en\/wp-content\/uploads\/2024\/09\/gen_logo.png\",\"contentUrl\":\"https:\/\/cenithteran.com\/en\/wp-content\/uploads\/2024\/09\/gen_logo.png\",\"width\":70,\"height\":70,\"caption\":\"Peluqueria UNISEX Cenith Teran - Peluquer\u00eda en el Madrid\"},\"image\":{\"@id\":\"https:\/\/cenithteran.com\/en\/#\/schema\/logo\/image\/\"},\"sameAs\":[\"https:\/\/www.facebook.com\/cenithpeluqueria\/\",\"https:\/\/www.instagram.com\/cenithteran\/\"]}]}<\/script>\n<!-- \/ Yoast SEO plugin. -->","yoast_head_json":{"title":"Peluquer\u00eda en Madrid - Contacto","description":"Peluquer\u00eda en Madrid - Barber\u00eda en Madrid. Con\u00f3cenos un poco m\u00e1s y descubre todo lo que podemos hacer. \u00a1Te estamos esperando!","robots":{"index":"index","follow":"follow","max-snippet":"max-snippet:-1","max-image-preview":"max-image-preview:large","max-video-preview":"max-video-preview:-1"},"canonical":"https:\/\/cenithteran.com\/en\/contact\/","og_locale":"en_US","og_type":"article","og_title":"Peluquer\u00eda en Madrid - Contacto","og_description":"Peluquer\u00eda en Madrid - Barber\u00eda en Madrid. Con\u00f3cenos un poco m\u00e1s y descubre todo lo que podemos hacer. \u00a1Te estamos esperando!","og_url":"https:\/\/cenithteran.com\/en\/contact\/","og_site_name":"Peluqueria UNISEX Cenith Teran - Peluquer\u00eda en el Madrid","article_publisher":"https:\/\/www.facebook.com\/cenithpeluqueria\/","article_modified_time":"2025-07-12T13:31:38+00:00","og_image":[{"width":1563,"height":382,"url":"https:\/\/cenithteran.com\/en\/wp-content\/uploads\/2024\/09\/contact-hero.jpg","type":"image\/jpeg"}],"twitter_card":"summary_large_image","twitter_misc":{"Est. reading time":"2 minutes"},"schema":{"@context":"https:\/\/schema.org","@graph":[{"@type":"WebPage","@id":"https:\/\/cenithteran.com\/en\/contact\/","url":"https:\/\/cenithteran.com\/en\/contact\/","name":"Peluquer\u00eda en Madrid - Contacto","isPartOf":{"@id":"https:\/\/cenithteran.com\/en\/#website"},"primaryImageOfPage":{"@id":"https:\/\/cenithteran.com\/en\/contact\/#primaryimage"},"image":{"@id":"https:\/\/cenithteran.com\/en\/contact\/#primaryimage"},"thumbnailUrl":"https:\/\/cenithteran.com\/en\/wp-content\/uploads\/2024\/09\/contact-hero.jpg","datePublished":"2024-09-16T18:22:37+00:00","dateModified":"2025-07-12T13:31:38+00:00","description":"Peluquer\u00eda en Madrid - Barber\u00eda en Madrid. Con\u00f3cenos un poco m\u00e1s y descubre todo lo que podemos hacer. \u00a1Te estamos esperando!","breadcrumb":{"@id":"https:\/\/cenithteran.com\/en\/contact\/#breadcrumb"},"inLanguage":"en-US","potentialAction":[{"@type":"ReadAction","target":["https:\/\/cenithteran.com\/en\/contact\/"]}]},{"@type":"ImageObject","inLanguage":"en-US","@id":"https:\/\/cenithteran.com\/en\/contact\/#primaryimage","url":"https:\/\/cenithteran.com\/en\/wp-content\/uploads\/2024\/09\/contact-hero.jpg","contentUrl":"https:\/\/cenithteran.com\/en\/wp-content\/uploads\/2024\/09\/contact-hero.jpg","width":1563,"height":382,"caption":"Mejor Peluquer\u00eda en el Madrid"},{"@type":"BreadcrumbList","@id":"https:\/\/cenithteran.com\/en\/contact\/#breadcrumb","itemListElement":[{"@type":"ListItem","position":1,"name":"Home","item":"https:\/\/cenithteran.com\/en\/"},{"@type":"ListItem","position":2,"name":"Contact &#8211; Peluquer\u00eda en Madrid"}]},{"@type":"WebSite","@id":"https:\/\/cenithteran.com\/en\/#website","url":"https:\/\/cenithteran.com\/en\/","name":"Peluqueria UNISEX Cenith Teran - Peluquer\u00eda en el Madrid","description":"Sal\u00f3n de belleza especializado en cortes, peinados, y tratamientos capilares personalizados para realzar tu estilo \u00fanico.","publisher":{"@id":"https:\/\/cenithteran.com\/en\/#organization"},"alternateName":"Peluqueria UNISEX Cenith Teran","potentialAction":[{"@type":"SearchAction","target":{"@type":"EntryPoint","urlTemplate":"https:\/\/cenithteran.com\/en\/?s={search_term_string}"},"query-input":{"@type":"PropertyValueSpecification","valueRequired":true,"valueName":"search_term_string"}}],"inLanguage":"en-US"},{"@type":"Organization","@id":"https:\/\/cenithteran.com\/en\/#organization","name":"Peluqueria UNISEX Cenith Teran - Peluquer\u00eda en el Madrid","url":"https:\/\/cenithteran.com\/en\/","logo":{"@type":"ImageObject","inLanguage":"en-US","@id":"https:\/\/cenithteran.com\/en\/#\/schema\/logo\/image\/","url":"https:\/\/cenithteran.com\/en\/wp-content\/uploads\/2024\/09\/gen_logo.png","contentUrl":"https:\/\/cenithteran.com\/en\/wp-content\/uploads\/2024\/09\/gen_logo.png","width":70,"height":70,"caption":"Peluqueria UNISEX Cenith Teran - Peluquer\u00eda en el Madrid"},"image":{"@id":"https:\/\/cenithteran.com\/en\/#\/schema\/logo\/image\/"},"sameAs":["https:\/\/www.facebook.com\/cenithpeluqueria\/","https:\/\/www.instagram.com\/cenithteran\/"]}]}},"_links":{"self":[{"href":"https:\/\/cenithteran.com\/en\/wp-json\/wp\/v2\/pages\/1671"}],"collection":[{"href":"https:\/\/cenithteran.com\/en\/wp-json\/wp\/v2\/pages"}],"about":[{"href":"https:\/\/cenithteran.com\/en\/wp-json\/wp\/v2\/types\/page"}],"author":[{"embeddable":true,"href":"https:\/\/cenithteran.com\/en\/wp-json\/wp\/v2\/users\/1"}],"replies":[{"embeddable":true,"href":"https:\/\/cenithteran.com\/en\/wp-json\/wp\/v2\/comments?post=1671"}],"version-history":[{"count":22,"href":"https:\/\/cenithteran.com\/en\/wp-json\/wp\/v2\/pages\/1671\/revisions"}],"predecessor-version":[{"id":15554,"href":"https:\/\/cenithteran.com\/en\/wp-json\/wp\/v2\/pages\/1671\/revisions\/15554"}],"wp:attachment":[{"href":"https:\/\/cenithteran.com\/en\/wp-json\/wp\/v2\/media?parent=1671"}],"curies":[{"name":"wp","href":"https:\/\/api.w.org\/{rel}","templated":true}]}}